{"id":3404,"date":"2024-10-28T15:21:56","date_gmt":"2024-10-28T14:21:56","guid":{"rendered":"https:\/\/mgnutricion.com\/accessibilitat\/"},"modified":"2025-02-10T12:01:03","modified_gmt":"2025-02-10T11:01:03","slug":"accessibilitat","status":"publish","type":"page","link":"https:\/\/mgnutricion.com\/ca\/accessibilitat\/","title":{"rendered":"Accessibilitat"},"content":{"rendered":"\n<p><strong>DECLARACI\u00d3 D&#8217;ACCESSIBILITAT<\/strong><\/p>\n\n<p>Aquesta declaraci\u00f3 d&#8217;accessibilitat s&#8217;aplica al lloc web <a href=\"https:\/\/mgnutricion.com\/ca\/\">https:\/\/mgnutricion.com\/<\/a> (els subdominis d&#8217;aquest lloc web tindran declaracions d&#8217;accessibilitat pr\u00f2pies).<\/p>\n\n<p><strong>Situaci\u00f3 de compliment<\/strong><\/p>\n\n<p>Aquest lloc web \u00e9s <strong>parcialment conforme<\/strong> amb el Reial decret 1112\/2018, de 7 de setembre, a causa de la manca de conformitat dels aspectes que s&#8217;indiquen a continuaci\u00f3.<\/p>\n\n<p><strong>Contingut no accessible<\/strong><br\/> El contingut que es recull a continuaci\u00f3 no \u00e9s accessible pel seg\u00fcent:<\/p>\n\n<p><strong>1. Manca de conformitat amb el Reial Decret 1112\/2018, de 7 de setembre:<\/strong> podrien existir errors puntuals d&#8217;edici\u00f3 en alguna p\u00e0gina web, tant en continguts HTML com en documents finals, publicats en data posterior al 20 de setembre de 2018 (data d&#8217;entrada en vigor del Reial Decret 1112\/2018, de 7 de setembre). Concretament pot haver-hi errors en aquells documents que contenen gr\u00e0fics, taules complexes o en aquells signats electr\u00f2nicament abans de la revisi\u00f3 d&#8217;accessibilitat. <\/p>\n\n<p><strong>2. C\u00e0rrega desproporcionada:<\/strong> no aplica.<\/p>\n\n<p>3. El contingut <strong>no entra dins l&#8217;\u00e0mbit de la legislaci\u00f3<\/strong> aplicable: Hi ha arxius ofim\u00e0tics en PDF o altres formats publicats abans del 20 de setembre de 2018 que no compleixen totalment tots els requisits d&#8217;accessibilitat; tamb\u00e9 poden estar en aquesta situaci\u00f3 continguts de tercers no finan\u00e7ats, ni desenvolupats, ni sota control d&#8217;aquest Ministeri.<\/p>\n\n<p><strong>Preparaci\u00f3 d&#8217;aquesta declaraci\u00f3 d&#8217;accessibilitat<\/strong><\/p>\n\n<p>Aquesta declaraci\u00f3 va ser preparada el 13 dabril de 2023.<\/p>\n\n<p>El m\u00e8tode emprat per preparar la declaraci\u00f3 ha estat una autoavaluaci\u00f3 duta a terme pel mateix organisme.<\/p>\n\n<p>\u00daltima revisi\u00f3 de la declaraci\u00f3: 13 d&#8217;abril del 2023.<br\/><br\/> <strong>Observacions i dades de contacte<\/strong><\/p>\n\n<p>Podeu realitzar <strong>comunicacions<\/strong> sobre requisits d&#8217;accessibilitat (article 10.2.a) del RD 1112\/2018) com per exemple:<\/p>\n\n<ul class=\"wp-block-list\">\n<li>informar sobre qualsevol possible <strong>incompliment<\/strong> per part d&#8217;aquest lloc web<\/li>\n\n\n\n<li>transmetre altres <strong>dificultats d&#8217;acc\u00e9s<\/strong> al contingut<\/li>\n\n\n\n<li>formular qualsevol altra <strong>consulta o suggeriment de millora<\/strong> relativa a laccessibilitat del lloc web<\/li>\n<\/ul>\n\n<p>A trav\u00e9s del correu electr\u00f2nic info@mgnutricion.com o trucant al tel\u00e8fon 662 928 967<\/p>\n\n<p>Podeu presentar:<\/p>\n\n<ul class=\"wp-block-list\">\n<li>una <strong>queixa<\/strong> relativa al compliment dels requisits del RD 1112\/2018 o<\/li>\n\n\n\n<li>una <strong>sol\u00b7licitud d&#8217;informaci\u00f3 accessible<\/strong> relativa a:\n<ul class=\"wp-block-list\">\n<li>o <strong>continguts<\/strong> que estan <strong>exclosos<\/strong> de <strong>l\u00e0mbit daplicaci\u00f3<\/strong> del RD 1112\/2018 segons el que estableix larticle 3, apartat 4<\/li>\n\n\n\n<li>o <strong>continguts<\/strong> que estan <strong>exempts<\/strong> del <strong>compliment<\/strong> dels requisits d&#8217;accessibilitat per imposar una <strong>c\u00e0rrega desproporcionada<\/strong> .<\/li>\n<\/ul>\n<\/li>\n<\/ul>\n\n<p>Les comunicacions seran rebudes i tractades per Laura Mestres Huguet com a responsable dels continguts d&#8217;aquest lloc web.<br\/><br\/> <strong>Procediment d&#8217;aplicaci\u00f3<\/strong><\/p>\n\n<p>A trav\u00e9s d&#8217;aquest procediment podreu iniciar una reclamaci\u00f3 per con\u00e8ixer i oposar-vos als motius de la desestimaci\u00f3 d&#8217;una sol\u00b7licitud d&#8217;informaci\u00f3 accessible o queixa, instar l&#8217;adopci\u00f3 de les mesures oportunes en cas de no estar d&#8217;acord amb la decisi\u00f3 adoptada, o exposar les raons per les quals es considera que la resposta no compleix els requisits exigits.<br\/><br\/> <strong>Contingut opcional<\/strong><\/p>\n\n<p>La versi\u00f3 actualment visible d&#8217;aquest lloc web \u00e9s del gener del 2023 i en aquesta data es va fer la revisi\u00f3 del nivell d&#8217;accessibilitat vigent en aquell moment.<\/p>\n\n<p>A partir de la data esmentada es duen a terme revisions parcials di\u00e0ries del contingut web nou o modificat, tant de les plantilles com de les p\u00e0gines i documents finals publicats, a fi d&#8217;assegurar el compliment dels requeriments d&#8217;accessibilitat de la Norma UNE-EN 301549:2019, considerant les excepcions del Reial decret 1112\/7 de setembre.<\/p>\n\n<p>Entre altres, s&#8217;adopten les mesures seg\u00fcents per facilitar l&#8217;accessibilitat:<\/p>\n\n<ul class=\"wp-block-list\">\n<li>Utilitzaci\u00f3 de text alternatiu a les imatges<\/li>\n\n\n\n<li>Els enlla\u00e7os ofereixen detalls de la funci\u00f3 o destinaci\u00f3 de l&#8217;hiperenlla\u00e7<\/li>\n\n\n\n<li>\u00das dels est\u00e0ndards del W3C: HTML5, CSS, DOM, SVG.<\/li>\n<\/ul>\n\n<p><\/p>\n","protected":false},"excerpt":{"rendered":"<p>DECLARACI\u00d3 D&#8217;ACCESSIBILITAT Aquesta declaraci\u00f3 d&#8217;accessibilitat s&#8217;aplica al lloc web https:\/\/mgnutricion.com\/ (els subdominis d&#8217;aquest lloc web tindran declaracions d&#8217;accessibilitat pr\u00f2pies). Situaci\u00f3 [&hellip;]<\/p>\n","protected":false},"author":2,"featured_media":0,"parent":0,"menu_order":0,"comment_status":"closed","ping_status":"closed","template":"elementor_header_footer","meta":{"_coblocks_attr":"","_coblocks_dimensions":"","_coblocks_responsive_height":"","_coblocks_accordion_ie_support":"","site-sidebar-layout":"default","site-content-layout":"","ast-site-content-layout":"default","site-content-style":"default","site-sidebar-style":"default","ast-global-header-display":"","ast-banner-title-visibility":"","ast-main-header-display":"","ast-hfb-above-header-display":"","ast-hfb-below-header-display":"","ast-hfb-mobile-header-display":"","site-post-title":"","ast-breadcrumbs-content":"","ast-featured-img":"","footer-sml-layout":"","ast-disable-related-posts":"","theme-transparent-header-meta":"","adv-header-id-meta":"","stick-header-meta":"","header-above-stick-meta":"","header-main-stick-meta":"","header-below-stick-meta":"","astra-migrate-meta-layouts":"default","ast-page-background-enabled":"default","ast-page-background-meta":{"desktop":{"background-color":"var(--ast-global-color-4)","background-image":"","background-repeat":"repeat","background-position":"center center","background-size":"auto","background-attachment":"scroll","background-type":"","background-media":"","overlay-type":"","overlay-color":"","overlay-opacity":"","overlay-gradient":""},"tablet":{"background-color":"","background-image":"","background-repeat":"repeat","background-position":"center center","background-size":"auto","background-attachment":"scroll","background-type":"","background-media":"","overlay-type":"","overlay-color":"","overlay-opacity":"","overlay-gradient":""},"mobile":{"background-color":"","background-image":"","background-repeat":"repeat","background-position":"center center","background-size":"auto","background-attachment":"scroll","background-type":"","background-media":"","overlay-type":"","overlay-color":"","overlay-opacity":"","overlay-gradient":""}},"ast-content-background-meta":{"desktop":{"background-color":"var(--ast-global-color-5)","background-image":"","background-repeat":"repeat","background-position":"center center","background-size":"auto","background-attachment":"scroll","background-type":"","background-media":"","overlay-type":"","overlay-color":"","overlay-opacity":"","overlay-gradient":""},"tablet":{"background-color":"var(--ast-global-color-5)","background-image":"","background-repeat":"repeat","background-position":"center center","background-size":"auto","background-attachment":"scroll","background-type":"","background-media":"","overlay-type":"","overlay-color":"","overlay-opacity":"","overlay-gradient":""},"mobile":{"background-color":"var(--ast-global-color-5)","background-image":"","background-repeat":"repeat","background-position":"center center","background-size":"auto","background-attachment":"scroll","background-type":"","background-media":"","overlay-type":"","overlay-color":"","overlay-opacity":"","overlay-gradient":""}},"footnotes":""},"class_list":["post-3404","page","type-page","status-publish","hentry"],"yoast_head":"<!-- This site is optimized with the Yoast SEO plugin v27.4 - https:\/\/yoast.com\/product\/yoast-seo-wordpress\/ -->\n<title>Accessibilitat - MG Nutricion<\/title>\n<meta name=\"robots\" content=\"index, follow, max-snippet:-1, max-image-preview:large, max-video-preview:-1\" \/>\n<link rel=\"canonical\" href=\"https:\/\/mgnutricion.com\/ca\/accessibilitat\/\" \/>\n<meta property=\"og:locale\" content=\"ca_ES\" \/>\n<meta property=\"og:type\" content=\"article\" \/>\n<meta property=\"og:title\" content=\"Accessibilitat - MG Nutricion\" \/>\n<meta property=\"og:description\" content=\"DECLARACI\u00d3 D&#8217;ACCESSIBILITAT Aquesta declaraci\u00f3 d&#8217;accessibilitat s&#8217;aplica al lloc web https:\/\/mgnutricion.com\/ (els subdominis d&#8217;aquest lloc web tindran declaracions d&#8217;accessibilitat pr\u00f2pies). Situaci\u00f3 [&hellip;]\" \/>\n<meta property=\"og:url\" content=\"https:\/\/mgnutricion.com\/ca\/accessibilitat\/\" \/>\n<meta property=\"og:site_name\" content=\"MG Nutricion\" \/>\n<meta property=\"article:publisher\" content=\"https:\/\/www.facebook.com\/MG-Nutricion-Maria-Gallego-110894318134166\" \/>\n<meta property=\"article:modified_time\" content=\"2025-02-10T11:01:03+00:00\" \/>\n<meta property=\"og:image\" content=\"https:\/\/mgnutricion.com\/wp-content\/uploads\/2022\/08\/IMG-20200823-WA00051.jpg\" \/>\n\t<meta property=\"og:image:width\" content=\"1599\" \/>\n\t<meta property=\"og:image:height\" content=\"982\" \/>\n\t<meta property=\"og:image:type\" content=\"image\/jpeg\" \/>\n<meta name=\"twitter:card\" content=\"summary_large_image\" \/>\n<meta name=\"twitter:label1\" content=\"Temps estimat de lectura\" \/>\n\t<meta name=\"twitter:data1\" content=\"3 minuts\" \/>\n<script type=\"application\/ld+json\" class=\"yoast-schema-graph\">{\"@context\":\"https:\\\/\\\/schema.org\",\"@graph\":[{\"@type\":\"WebPage\",\"@id\":\"https:\\\/\\\/mgnutricion.com\\\/ca\\\/accessibilitat\\\/\",\"url\":\"https:\\\/\\\/mgnutricion.com\\\/ca\\\/accessibilitat\\\/\",\"name\":\"Accessibilitat - MG Nutricion\",\"isPartOf\":{\"@id\":\"https:\\\/\\\/mgnutricion.com\\\/ca\\\/#website\"},\"datePublished\":\"2024-10-28T14:21:56+00:00\",\"dateModified\":\"2025-02-10T11:01:03+00:00\",\"breadcrumb\":{\"@id\":\"https:\\\/\\\/mgnutricion.com\\\/ca\\\/accessibilitat\\\/#breadcrumb\"},\"inLanguage\":\"ca\",\"potentialAction\":[{\"@type\":\"ReadAction\",\"target\":[\"https:\\\/\\\/mgnutricion.com\\\/ca\\\/accessibilitat\\\/\"]}]},{\"@type\":\"BreadcrumbList\",\"@id\":\"https:\\\/\\\/mgnutricion.com\\\/ca\\\/accessibilitat\\\/#breadcrumb\",\"itemListElement\":[{\"@type\":\"ListItem\",\"position\":1,\"name\":\"Portada\",\"item\":\"https:\\\/\\\/mgnutricion.com\\\/ca\\\/\"},{\"@type\":\"ListItem\",\"position\":2,\"name\":\"Accessibilitat\"}]},{\"@type\":\"WebSite\",\"@id\":\"https:\\\/\\\/mgnutricion.com\\\/ca\\\/#website\",\"url\":\"https:\\\/\\\/mgnutricion.com\\\/ca\\\/\",\"name\":\"MG Nutricion\",\"description\":\"Tu Nutricionista Dietista en Barcelona\",\"publisher\":{\"@id\":\"https:\\\/\\\/mgnutricion.com\\\/ca\\\/#organization\"},\"potentialAction\":[{\"@type\":\"SearchAction\",\"target\":{\"@type\":\"EntryPoint\",\"urlTemplate\":\"https:\\\/\\\/mgnutricion.com\\\/ca\\\/?s={search_term_string}\"},\"query-input\":{\"@type\":\"PropertyValueSpecification\",\"valueRequired\":true,\"valueName\":\"search_term_string\"}}],\"inLanguage\":\"ca\"},{\"@type\":\"Organization\",\"@id\":\"https:\\\/\\\/mgnutricion.com\\\/ca\\\/#organization\",\"name\":\"MG Nutrici\u00f3n\",\"alternateName\":\"Maria Gallego\",\"url\":\"https:\\\/\\\/mgnutricion.com\\\/ca\\\/\",\"logo\":{\"@type\":\"ImageObject\",\"inLanguage\":\"ca\",\"@id\":\"https:\\\/\\\/mgnutricion.com\\\/ca\\\/#\\\/schema\\\/logo\\\/image\\\/\",\"url\":\"https:\\\/\\\/mgnutricion.com\\\/wp-content\\\/uploads\\\/2023\\\/10\\\/cropped-cropped-Logo-MG-Nutricion-Nuevo.png\",\"contentUrl\":\"https:\\\/\\\/mgnutricion.com\\\/wp-content\\\/uploads\\\/2023\\\/10\\\/cropped-cropped-Logo-MG-Nutricion-Nuevo.png\",\"width\":512,\"height\":512,\"caption\":\"MG Nutrici\u00f3n\"},\"image\":{\"@id\":\"https:\\\/\\\/mgnutricion.com\\\/ca\\\/#\\\/schema\\\/logo\\\/image\\\/\"},\"sameAs\":[\"https:\\\/\\\/www.facebook.com\\\/MG-Nutricion-Maria-Gallego-110894318134166\",\"https:\\\/\\\/www.instagram.com\\\/mariagallegonutricion\\\/\"]}]}<\/script>\n<!-- \/ Yoast SEO plugin. -->","yoast_head_json":{"title":"Accessibilitat - MG Nutricion","robots":{"index":"index","follow":"follow","max-snippet":"max-snippet:-1","max-image-preview":"max-image-preview:large","max-video-preview":"max-video-preview:-1"},"canonical":"https:\/\/mgnutricion.com\/ca\/accessibilitat\/","og_locale":"ca_ES","og_type":"article","og_title":"Accessibilitat - MG Nutricion","og_description":"DECLARACI\u00d3 D&#8217;ACCESSIBILITAT Aquesta declaraci\u00f3 d&#8217;accessibilitat s&#8217;aplica al lloc web https:\/\/mgnutricion.com\/ (els subdominis d&#8217;aquest lloc web tindran declaracions d&#8217;accessibilitat pr\u00f2pies). Situaci\u00f3 [&hellip;]","og_url":"https:\/\/mgnutricion.com\/ca\/accessibilitat\/","og_site_name":"MG Nutricion","article_publisher":"https:\/\/www.facebook.com\/MG-Nutricion-Maria-Gallego-110894318134166","article_modified_time":"2025-02-10T11:01:03+00:00","og_image":[{"width":1599,"height":982,"url":"https:\/\/mgnutricion.com\/wp-content\/uploads\/2022\/08\/IMG-20200823-WA00051.jpg","type":"image\/jpeg"}],"twitter_card":"summary_large_image","twitter_misc":{"Temps estimat de lectura":"3 minuts"},"schema":{"@context":"https:\/\/schema.org","@graph":[{"@type":"WebPage","@id":"https:\/\/mgnutricion.com\/ca\/accessibilitat\/","url":"https:\/\/mgnutricion.com\/ca\/accessibilitat\/","name":"Accessibilitat - MG Nutricion","isPartOf":{"@id":"https:\/\/mgnutricion.com\/ca\/#website"},"datePublished":"2024-10-28T14:21:56+00:00","dateModified":"2025-02-10T11:01:03+00:00","breadcrumb":{"@id":"https:\/\/mgnutricion.com\/ca\/accessibilitat\/#breadcrumb"},"inLanguage":"ca","potentialAction":[{"@type":"ReadAction","target":["https:\/\/mgnutricion.com\/ca\/accessibilitat\/"]}]},{"@type":"BreadcrumbList","@id":"https:\/\/mgnutricion.com\/ca\/accessibilitat\/#breadcrumb","itemListElement":[{"@type":"ListItem","position":1,"name":"Portada","item":"https:\/\/mgnutricion.com\/ca\/"},{"@type":"ListItem","position":2,"name":"Accessibilitat"}]},{"@type":"WebSite","@id":"https:\/\/mgnutricion.com\/ca\/#website","url":"https:\/\/mgnutricion.com\/ca\/","name":"MG Nutricion","description":"Tu Nutricionista Dietista en Barcelona","publisher":{"@id":"https:\/\/mgnutricion.com\/ca\/#organization"},"potentialAction":[{"@type":"SearchAction","target":{"@type":"EntryPoint","urlTemplate":"https:\/\/mgnutricion.com\/ca\/?s={search_term_string}"},"query-input":{"@type":"PropertyValueSpecification","valueRequired":true,"valueName":"search_term_string"}}],"inLanguage":"ca"},{"@type":"Organization","@id":"https:\/\/mgnutricion.com\/ca\/#organization","name":"MG Nutrici\u00f3n","alternateName":"Maria Gallego","url":"https:\/\/mgnutricion.com\/ca\/","logo":{"@type":"ImageObject","inLanguage":"ca","@id":"https:\/\/mgnutricion.com\/ca\/#\/schema\/logo\/image\/","url":"https:\/\/mgnutricion.com\/wp-content\/uploads\/2023\/10\/cropped-cropped-Logo-MG-Nutricion-Nuevo.png","contentUrl":"https:\/\/mgnutricion.com\/wp-content\/uploads\/2023\/10\/cropped-cropped-Logo-MG-Nutricion-Nuevo.png","width":512,"height":512,"caption":"MG Nutrici\u00f3n"},"image":{"@id":"https:\/\/mgnutricion.com\/ca\/#\/schema\/logo\/image\/"},"sameAs":["https:\/\/www.facebook.com\/MG-Nutricion-Maria-Gallego-110894318134166","https:\/\/www.instagram.com\/mariagallegonutricion\/"]}]}},"_links":{"self":[{"href":"https:\/\/mgnutricion.com\/ca\/wp-json\/wp\/v2\/pages\/3404","targetHints":{"allow":["GET"]}}],"collection":[{"href":"https:\/\/mgnutricion.com\/ca\/wp-json\/wp\/v2\/pages"}],"about":[{"href":"https:\/\/mgnutricion.com\/ca\/wp-json\/wp\/v2\/types\/page"}],"author":[{"embeddable":true,"href":"https:\/\/mgnutricion.com\/ca\/wp-json\/wp\/v2\/users\/2"}],"replies":[{"embeddable":true,"href":"https:\/\/mgnutricion.com\/ca\/wp-json\/wp\/v2\/comments?post=3404"}],"version-history":[{"count":1,"href":"https:\/\/mgnutricion.com\/ca\/wp-json\/wp\/v2\/pages\/3404\/revisions"}],"predecessor-version":[{"id":3405,"href":"https:\/\/mgnutricion.com\/ca\/wp-json\/wp\/v2\/pages\/3404\/revisions\/3405"}],"wp:attachment":[{"href":"https:\/\/mgnutricion.com\/ca\/wp-json\/wp\/v2\/media?parent=3404"}],"curies":[{"name":"wp","href":"https:\/\/api.w.org\/{rel}","templated":true}]}}